{"id":27,"date":"2019-01-05T13:48:00","date_gmt":"2019-01-05T12:48:00","guid":{"rendered":"http:\/\/www.cgdressage.fr\/?page_id=27"},"modified":"2022-01-11T18:39:46","modified_gmt":"2022-01-11T17:39:46","slug":"cedric-gallinard","status":"publish","type":"page","link":"https:\/\/www.cgdressage.fr\/index.php\/cedric-gallinard\/","title":{"rendered":"CEDRIC GALLINARD"},"content":{"rendered":"\t\t<div data-elementor-type=\"wp-post\" data-elementor-id=\"27\" class=\"elementor elementor-27\" data-elementor-settings=\"[]\">\n\t\t\t\t\t\t<div class=\"elementor-inner\">\n\t\t\t\t\t\t\t<div class=\"elementor-section-wrap\">\n\t\t\t\t\t\t\t<section class=\"elementor-section elementor-top-section elementor-element elementor-element-8e1531b elementor-section-boxed elementor-section-height-default elementor-section-height-default\" data-id=\"8e1531b\" data-element_type=\"section\">\n\t\t\t\t\t\t<div class=\"elementor-container elementor-column-gap-default\">\n\t\t\t\t\t\t\t<div class=\"elementor-row\">\n\t\t\t\t\t<div class=\"elementor-column elementor-col-100 elementor-top-column elementor-element elementor-element-cbef01c\" data-id=\"cbef01c\" data-element_type=\"column\">\n\t\t\t<div class=\"elementor-column-wrap elementor-element-populated\">\n\t\t\t\t\t\t\t<div class=\"elementor-widget-wrap\">\n\t\t\t\t\t\t<div class=\"elementor-element elementor-element-c147c1c elementor-widget elementor-widget-heading\" data-id=\"c147c1c\" data-element_type=\"widget\" data-widget_type=\"heading.default\">\n\t\t\t\t<div class=\"elementor-widget-container\">\n\t\t\t<h2 class=\"elementor-heading-title elementor-size-default\">BIOGRAPHIE<\/h2>\t\t<\/div>\n\t\t\t\t<\/div>\n\t\t\t\t<div class=\"elementor-element elementor-element-c1695c6 elementor-widget elementor-widget-spacer\" data-id=\"c1695c6\" data-element_type=\"widget\" data-widget_type=\"spacer.default\">\n\t\t\t\t<div class=\"elementor-widget-container\">\n\t\t\t\t\t<div class=\"elementor-spacer\">\n\t\t\t<div class=\"elementor-spacer-inner\"><\/div>\n\t\t<\/div>\n\t\t\t\t<\/div>\n\t\t\t\t<\/div>\n\t\t\t\t<div class=\"elementor-element elementor-element-fb236ee elementor-widget elementor-widget-text-editor\" data-id=\"fb236ee\" data-element_type=\"widget\" data-widget_type=\"text-editor.default\">\n\t\t\t\t<div class=\"elementor-widget-container\">\n\t\t\t\t\t<div class=\"elementor-text-editor elementor-clearfix\"><p style=\"margin: 0cm 0cm 0.0001pt; font-size: medium; font-family: Calibri, sans-serif; caret-color: #000000; color: #000000;\">C\u00e9dric est un jeune homme immerg\u00e9 d\u00e8s son plus jeune \u00e2ge gr\u00e2ce \u00e0 des parents passionn\u00e9s et investis dans le domaine \u00e9questre.&nbsp;<\/p>\n<p style=\"margin: 0cm 0cm 0.0001pt; font-size: medium; font-family: Calibri, sans-serif; caret-color: #000000; color: #000000;\">\n<\/p><p style=\"margin: 0cm 0cm 0.0001pt; font-size: medium; font-family: Calibri, sans-serif; caret-color: #000000; color: #000000;\">Naturellement C\u00e9dric \u00e0 su d\u00e9velopper sa passion pour les chevaux aupr\u00e8s de ses parents qui l\u2019entourent des plus grands professionnels dans la discipline du dressage.<\/p>\n<p style=\"margin: 0cm 0cm 0.0001pt; font-size: medium; font-family: Calibri, sans-serif; caret-color: #000000; color: #000000;\">\n<\/p><p style=\"margin: 0cm 0cm 0.0001pt; font-size: medium; font-family: Calibri, sans-serif; caret-color: #000000; color: #000000;\">\n<\/p><p style=\"margin: 0cm 0cm 0.0001pt; font-size: medium; font-family: Calibri, sans-serif; caret-color: #000000; color: #000000;\">C&rsquo;est alors, en 2012, qu\u2019il d\u00e9bute la comp\u00e9tition puis gravit tr\u00e8s vite les \u00e9chelons de mani\u00e8re fulgurante !<\/p>\n<p style=\"margin: 0cm 0cm 0.0001pt; font-size: medium; font-family: Calibri, sans-serif; caret-color: #000000; color: #000000;\">\n<\/p><p style=\"margin: 0cm 0cm 0.0001pt; font-size: medium; font-family: Calibri, sans-serif; caret-color: #000000; color: #000000;\">En 2016 c\u2019est au tour des \u00e9preuves jeunes cavaliers (As jeunes elite)&#8230;&nbsp;<\/p>\n<p style=\"margin: 0cm 0cm 0.0001pt; font-size: medium; font-family: Calibri, sans-serif; caret-color: #000000; color: #000000;\">Ses tr\u00e8s bons r\u00e9sultats lui donnent acc\u00e8s aux concours internationaux.&nbsp;<\/p>\n<p style=\"margin: 0cm 0cm 0.0001pt; font-size: medium; font-family: Calibri, sans-serif; caret-color: #000000; color: #000000;\">L\u2019ann\u00e9e 2016 marque \u00e9galement le premier pro \u00e9lite Grand Prix qu\u2019il remporte avec son pr\u00e9cieux cheval \u00ab&nbsp;Tornado \u00bb, l\u2019aventure se poursuit avec son nouveau cheval \u00ab&nbsp;Scherzo ZC \u00bb qui l\u2019emm\u00e8ne sur les \u00e9preuves Pro Elite Grand Prix jeune avec de nombreux classements internationaux.<\/p>\n<p><\/p>\n<p style=\"margin: 0cm 0cm 0.0001pt; font-size: medium; font-family: Calibri, sans-serif; caret-color: #000000; color: #000000;\">Un titre de vice champion de France en 2017, champion de France 2018, vice champion de France 2019 ainsi que trois participations aux championnats d\u2019Europe pour d\u00e9fendre les couleurs de la France.<\/p>\n<p style=\"margin: 0cm 0cm 0.0001pt; font-size: medium; font-family: Calibri, sans-serif; caret-color: #000000; color: #000000;\">\n<\/p><p style=\"margin: 0cm 0cm 0.0001pt; font-size: medium; font-family: Calibri, sans-serif; caret-color: #000000; color: #000000;\">\n<\/p><p style=\"margin: 0cm 0cm 0.0001pt; font-size: medium; font-family: Calibri, sans-serif; caret-color: #000000; color: #000000;\">C\u00e9dric fait parti des sportifs de haut niveaux avec un palmar\u00e8s d\u00e9j\u00e0 remarquable.<\/p>\n<p style=\"margin: 0cm 0cm 0.0001pt; font-size: medium; font-family: Calibri, sans-serif; caret-color: #000000; color: #000000;\">\n<\/p><p style=\"margin: 0cm 0cm 0.0001pt; font-size: medium; font-family: Calibri, sans-serif; caret-color: #000000; color: #000000;\">Travaillant tr\u00e8s dur et s\u2019investissant enti\u00e8rement dans tous ses projets, C\u00e9dric ne cesse de d\u00e9velopper son \u00e9curie, l\u2019\u00e9curie CG Dressage dont il \u00e0 aujourd\u2019hui la totale gestion.<\/p><\/div>\n\t\t\t\t<\/div>\n\t\t\t\t<\/div>\n\t\t\t\t<div class=\"elementor-element elementor-element-7a04807 elementor-widget elementor-widget-image\" data-id=\"7a04807\" data-element_type=\"widget\" data-widget_type=\"image.default\">\n\t\t\t\t<div class=\"elementor-widget-container\">\n\t\t\t\t\t<div class=\"elementor-image\">\n\t\t\t\t\t\t\t\t\t\t<img width=\"1050\" height=\"1400\" src=\"https:\/\/www.cgdressage.fr\/wp-content\/uploads\/2019\/05\/60181117_1337892696368514_6140054953957261312_n.jpg\" class=\"attachment-full size-full\" alt=\"\" loading=\"lazy\" srcset=\"https:\/\/www.cgdressage.fr\/wp-content\/uploads\/2019\/05\/60181117_1337892696368514_6140054953957261312_n.jpg 1050w, https:\/\/www.cgdressage.fr\/wp-content\/uploads\/2019\/05\/60181117_1337892696368514_6140054953957261312_n-225x300.jpg 225w, https:\/\/www.cgdressage.fr\/wp-content\/uploads\/2019\/05\/60181117_1337892696368514_6140054953957261312_n-768x1024.jpg 768w\" sizes=\"(max-width: 1050px) 100vw, 1050px\" \/>\t\t\t\t\t\t\t\t\t\t\t<\/div>\n\t\t\t\t<\/div>\n\t\t\t\t<\/div>\n\t\t\t\t\t\t<\/div>\n\t\t\t\t\t<\/div>\n\t\t<\/div>\n\t\t\t\t\t\t\t\t<\/div>\n\t\t\t\t\t<\/div>\n\t\t<\/section>\n\t\t\t\t\t\t<\/div>\n\t\t\t\t\t\t<\/div>\n\t\t\t\t\t<\/div>\n\t\t","protected":false},"excerpt":{"rendered":"<p>BIOGRAPHIE C\u00e9dric est un jeune homme immerg\u00e9 d\u00e8s son plus jeune \u00e2ge gr\u00e2ce \u00e0 des parents passionn\u00e9s et investis dans le domaine \u00e9questre.&nbsp; Naturellement C\u00e9dric \u00e0 su d\u00e9velopper sa passion pour les chevaux aupr\u00e8s de ses parents qui l\u2019entourent des plus grands professionnels dans la discipline du dressage. C&rsquo;est alors, en 2012, qu\u2019il d\u00e9bute la<\/p>\n<div><a class=\"btn-filled btn\" href=\"https:\/\/www.cgdressage.fr\/index.php\/cedric-gallinard\/\" title=\"CEDRIC GALLINARD\">Lire la suite<\/a><\/div>\n","protected":false},"author":1,"featured_media":0,"parent":0,"menu_order":0,"comment_status":"closed","ping_status":"closed","template":"page-templates\/no-sidebar.php","meta":[],"_links":{"self":[{"href":"https:\/\/www.cgdressage.fr\/index.php\/wp-json\/wp\/v2\/pages\/27"}],"collection":[{"href":"https:\/\/www.cgdressage.fr\/index.php\/wp-json\/wp\/v2\/pages"}],"about":[{"href":"https:\/\/www.cgdressage.fr\/index.php\/wp-json\/wp\/v2\/types\/page"}],"author":[{"embeddable":true,"href":"https:\/\/www.cgdressage.fr\/index.php\/wp-json\/wp\/v2\/users\/1"}],"replies":[{"embeddable":true,"href":"https:\/\/www.cgdressage.fr\/index.php\/wp-json\/wp\/v2\/comments?post=27"}],"version-history":[{"count":24,"href":"https:\/\/www.cgdressage.fr\/index.php\/wp-json\/wp\/v2\/pages\/27\/revisions"}],"predecessor-version":[{"id":425,"href":"https:\/\/www.cgdressage.fr\/index.php\/wp-json\/wp\/v2\/pages\/27\/revisions\/425"}],"wp:attachment":[{"href":"https:\/\/www.cgdressage.fr\/index.php\/wp-json\/wp\/v2\/media?parent=27"}],"curies":[{"name":"wp","href":"https:\/\/api.w.org\/{rel}","templated":true}]}}