{"id":29,"date":"2019-01-05T13:48:11","date_gmt":"2019-01-05T12:48:11","guid":{"rendered":"http:\/\/www.cgdressage.fr\/?page_id=29"},"modified":"2025-12-01T23:32:40","modified_gmt":"2025-12-01T22:32:40","slug":"les-installations","status":"publish","type":"page","link":"https:\/\/www.cgdressage.fr\/index.php\/les-installations\/","title":{"rendered":"INSTALLATIONS"},"content":{"rendered":"\t\t<div data-elementor-type=\"wp-page\" data-elementor-id=\"29\" class=\"elementor elementor-29\" data-elementor-settings=\"[]\">\n\t\t\t\t\t\t<div class=\"elementor-inner\">\n\t\t\t\t\t\t\t<div class=\"elementor-section-wrap\">\n\t\t\t\t\t\t\t<section class=\"elementor-section elementor-top-section elementor-element elementor-element-17ebb11e elementor-section-boxed elementor-section-height-default elementor-section-height-default\" data-id=\"17ebb11e\" data-element_type=\"section\">\n\t\t\t\t\t\t<div class=\"elementor-container elementor-column-gap-default\">\n\t\t\t\t\t\t\t<div class=\"elementor-row\">\n\t\t\t\t\t<div class=\"elementor-column elementor-col-100 elementor-top-column elementor-element elementor-element-3ad93d74\" data-id=\"3ad93d74\" data-element_type=\"column\">\n\t\t\t<div class=\"elementor-column-wrap elementor-element-populated\">\n\t\t\t\t\t\t\t<div class=\"elementor-widget-wrap\">\n\t\t\t\t\t\t<div class=\"elementor-element elementor-element-351b177b elementor-widget elementor-widget-text-editor\" data-id=\"351b177b\" data-element_type=\"widget\" data-widget_type=\"text-editor.default\">\n\t\t\t\t<div class=\"elementor-widget-container\">\n\t\t\t\t\t<div class=\"elementor-text-editor elementor-clearfix\"><h3 style=\"text-align: center;\"><strong style=\"font-family: inherit;\">D\u00e9couvrez nos installations&nbsp;<\/strong><\/h3>\n<p style=\"text-align: center;\">\n<\/p><\/div>\n\t\t\t\t<\/div>\n\t\t\t\t<\/div>\n\t\t\t\t\t\t<\/div>\n\t\t\t\t\t<\/div>\n\t\t<\/div>\n\t\t\t\t\t\t\t\t<\/div>\n\t\t\t\t\t<\/div>\n\t\t<\/section>\n\t\t\t\t<section class=\"elementor-section elementor-top-section elementor-element elementor-element-ecab5e3 elementor-section-boxed elementor-section-height-default elementor-section-height-default\" data-id=\"ecab5e3\" data-element_type=\"section\">\n\t\t\t\t\t\t<div class=\"elementor-container elementor-column-gap-default\">\n\t\t\t\t\t\t\t<div class=\"elementor-row\">\n\t\t\t\t\t<div class=\"elementor-column elementor-col-100 elementor-top-column elementor-element elementor-element-bbd5d53\" data-id=\"bbd5d53\" data-element_type=\"column\">\n\t\t\t<div class=\"elementor-column-wrap elementor-element-populated\">\n\t\t\t\t\t\t\t<div class=\"elementor-widget-wrap\">\n\t\t\t\t\t\t<div class=\"elementor-element elementor-element-256453c elementor-view-default elementor-widget elementor-widget-icon\" data-id=\"256453c\" data-element_type=\"widget\" data-widget_type=\"icon.default\">\n\t\t\t\t<div class=\"elementor-widget-container\">\n\t\t\t\t\t<div class=\"elementor-icon-wrapper\">\n\t\t\t<div class=\"elementor-icon\">\n\t\t\t<i aria-hidden=\"true\" class=\"fas fa-horse-head\"><\/i>\t\t\t<\/div>\n\t\t<\/div>\n\t\t\t\t<\/div>\n\t\t\t\t<\/div>\n\t\t\t\t\t\t<\/div>\n\t\t\t\t\t<\/div>\n\t\t<\/div>\n\t\t\t\t\t\t\t\t<\/div>\n\t\t\t\t\t<\/div>\n\t\t<\/section>\n\t\t\t\t<section class=\"elementor-section elementor-top-section elementor-element elementor-element-363d197 elementor-section-boxed elementor-section-height-default elementor-section-height-default\" data-id=\"363d197\" data-element_type=\"section\">\n\t\t\t\t\t\t<div class=\"elementor-container elementor-column-gap-default\">\n\t\t\t\t\t\t\t<div class=\"elementor-row\">\n\t\t\t\t\t<div class=\"elementor-column elementor-col-50 elementor-top-column elementor-element elementor-element-d582dac\" data-id=\"d582dac\" data-element_type=\"column\">\n\t\t\t<div class=\"elementor-column-wrap elementor-element-populated\">\n\t\t\t\t\t\t\t<div class=\"elementor-widget-wrap\">\n\t\t\t\t\t\t<div class=\"elementor-element elementor-element-d9009cf elementor-widget elementor-widget-text-editor\" data-id=\"d9009cf\" data-element_type=\"widget\" data-widget_type=\"text-editor.default\">\n\t\t\t\t<div class=\"elementor-widget-container\">\n\t\t\t\t\t<div class=\"elementor-text-editor elementor-clearfix\"><h6><b><i>Plongez dans l&rsquo;univers de notre charmante \u00e9curie de dressage, o\u00f9 le bien-\u00eatre des chevaux est notre priorit\u00e9 absolue.\u00a0<\/i><\/b><\/h6><\/div>\n\t\t\t\t<\/div>\n\t\t\t\t<\/div>\n\t\t\t\t<div class=\"elementor-element elementor-element-1389f60 elementor-widget elementor-widget-image\" data-id=\"1389f60\" data-element_type=\"widget\" data-widget_type=\"image.default\">\n\t\t\t\t<div class=\"elementor-widget-container\">\n\t\t\t\t\t<div class=\"elementor-image\">\n\t\t\t\t\t\t\t\t\t\t<img width=\"640\" height=\"559\" src=\"https:\/\/www.cgdressage.fr\/wp-content\/uploads\/2024\/07\/PHOTO-2024-07-01-14-20-07-1.jpg\" class=\"attachment-large size-large\" alt=\"\" loading=\"lazy\" srcset=\"https:\/\/www.cgdressage.fr\/wp-content\/uploads\/2024\/07\/PHOTO-2024-07-01-14-20-07-1.jpg 640w, https:\/\/www.cgdressage.fr\/wp-content\/uploads\/2024\/07\/PHOTO-2024-07-01-14-20-07-1-300x262.jpg 300w\" sizes=\"(max-width: 640px) 100vw, 640px\" \/>\t\t\t\t\t\t\t\t\t\t\t<\/div>\n\t\t\t\t<\/div>\n\t\t\t\t<\/div>\n\t\t\t\t<div class=\"elementor-element elementor-element-20c7c7a elementor-widget elementor-widget-text-editor\" data-id=\"20c7c7a\" data-element_type=\"widget\" data-widget_type=\"text-editor.default\">\n\t\t\t\t<div class=\"elementor-widget-container\">\n\t\t\t\t\t<div class=\"elementor-text-editor elementor-clearfix\"><p>Des installations de qualit\u00e9, spacieuses, confortables, con\u00e7ues pour offrir s\u00e9r\u00e9nit\u00e9 et progression aux \u00e9quid\u00e9s ainsi qu&rsquo;aux cavaliers.<\/p><\/div>\n\t\t\t\t<\/div>\n\t\t\t\t<\/div>\n\t\t\t\t<div class=\"elementor-element elementor-element-7d949bf elementor-widget elementor-widget-image\" data-id=\"7d949bf\" data-element_type=\"widget\" data-widget_type=\"image.default\">\n\t\t\t\t<div class=\"elementor-widget-container\">\n\t\t\t\t\t<div class=\"elementor-image\">\n\t\t\t\t\t\t\t\t\t\t<img width=\"1024\" height=\"786\" src=\"https:\/\/www.cgdressage.fr\/wp-content\/uploads\/2024\/07\/PHOTO-2024-07-01-14-20-08-1-1-1024x786.jpg\" class=\"attachment-large size-large\" alt=\"\" loading=\"lazy\" srcset=\"https:\/\/www.cgdressage.fr\/wp-content\/uploads\/2024\/07\/PHOTO-2024-07-01-14-20-08-1-1-1024x786.jpg 1024w, https:\/\/www.cgdressage.fr\/wp-content\/uploads\/2024\/07\/PHOTO-2024-07-01-14-20-08-1-1-300x230.jpg 300w, https:\/\/www.cgdressage.fr\/wp-content\/uploads\/2024\/07\/PHOTO-2024-07-01-14-20-08-1-1-768x590.jpg 768w, https:\/\/www.cgdressage.fr\/wp-content\/uploads\/2024\/07\/PHOTO-2024-07-01-14-20-08-1-1.jpg 1440w\" sizes=\"(max-width: 1024px) 100vw, 1024px\" \/>\t\t\t\t\t\t\t\t\t\t\t<\/div>\n\t\t\t\t<\/div>\n\t\t\t\t<\/div>\n\t\t\t\t\t\t<\/div>\n\t\t\t\t\t<\/div>\n\t\t<\/div>\n\t\t\t\t<div class=\"elementor-column elementor-col-50 elementor-top-column elementor-element elementor-element-c557ca4\" data-id=\"c557ca4\" data-element_type=\"column\">\n\t\t\t<div class=\"elementor-column-wrap elementor-element-populated\">\n\t\t\t\t\t\t\t<div class=\"elementor-widget-wrap\">\n\t\t\t\t\t\t<div class=\"elementor-element elementor-element-84cb4b9 elementor-widget elementor-widget-text-editor\" data-id=\"84cb4b9\" data-element_type=\"widget\" data-widget_type=\"text-editor.default\">\n\t\t\t\t<div class=\"elementor-widget-container\">\n\t\t\t\t\t<div class=\"elementor-text-editor elementor-clearfix\"><p>L&rsquo;\u00e9curie se compose de 15 box spacieux, un man\u00e8ge de 40&#215;20 m, une carri\u00e8re olympique de 60&#215;20 m, et d&rsquo;un rond de longe de 35&#215;20 m.<\/p><p>Nos sols \u00e9questres sont m\u00e9ticuleusement entretenus avec du sable de qualit\u00e9 ( Fontainebleau fibr\u00e9 ) offrant ainsi des conditions id\u00e9ales \u00e0 la pratique sportive.\u00a0<\/p><p>\u00a0<\/p><\/div>\n\t\t\t\t<\/div>\n\t\t\t\t<\/div>\n\t\t\t\t<div class=\"elementor-element elementor-element-e825c7d elementor-widget elementor-widget-text-editor\" data-id=\"e825c7d\" data-element_type=\"widget\" data-widget_type=\"text-editor.default\">\n\t\t\t\t<div class=\"elementor-widget-container\">\n\t\t\t\t\t<div class=\"elementor-text-editor elementor-clearfix\"><\/div>\n\t\t\t\t<\/div>\n\t\t\t\t<\/div>\n\t\t\t\t<div class=\"elementor-element elementor-element-652a622 elementor-widget elementor-widget-image\" data-id=\"652a622\" data-element_type=\"widget\" data-widget_type=\"image.default\">\n\t\t\t\t<div class=\"elementor-widget-container\">\n\t\t\t\t\t<div class=\"elementor-image\">\n\t\t\t\t\t\t\t\t\t\t<img width=\"1024\" height=\"768\" src=\"https:\/\/www.cgdressage.fr\/wp-content\/uploads\/2024\/07\/PHOTO-2024-07-01-14-20-07-1-1-1024x768.jpg\" class=\"attachment-large size-large\" alt=\"\" loading=\"lazy\" srcset=\"https:\/\/www.cgdressage.fr\/wp-content\/uploads\/2024\/07\/PHOTO-2024-07-01-14-20-07-1-1-1024x768.jpg 1024w, https:\/\/www.cgdressage.fr\/wp-content\/uploads\/2024\/07\/PHOTO-2024-07-01-14-20-07-1-1-300x225.jpg 300w, https:\/\/www.cgdressage.fr\/wp-content\/uploads\/2024\/07\/PHOTO-2024-07-01-14-20-07-1-1-768x576.jpg 768w, https:\/\/www.cgdressage.fr\/wp-content\/uploads\/2024\/07\/PHOTO-2024-07-01-14-20-07-1-1.jpg 1440w\" sizes=\"(max-width: 1024px) 100vw, 1024px\" \/>\t\t\t\t\t\t\t\t\t\t\t<\/div>\n\t\t\t\t<\/div>\n\t\t\t\t<\/div>\n\t\t\t\t<div class=\"elementor-element elementor-element-817b9d2 elementor-widget elementor-widget-text-editor\" data-id=\"817b9d2\" data-element_type=\"widget\" data-widget_type=\"text-editor.default\">\n\t\t\t\t<div class=\"elementor-widget-container\">\n\t\t\t\t\t<div class=\"elementor-text-editor elementor-clearfix\"><p>De grands paddocks individuels viennent compl\u00e9ter notre structure, offrant \u00e0 nos chevaux l&rsquo;opportunit\u00e9 de galoper en toute libert\u00e9, favorisant ainsi leur bien-\u00eatre et leur \u00e9panouissement.<\/p><\/div>\n\t\t\t\t<\/div>\n\t\t\t\t<\/div>\n\t\t\t\t<div class=\"elementor-element elementor-element-588b3df elementor-widget elementor-widget-image\" data-id=\"588b3df\" data-element_type=\"widget\" data-widget_type=\"image.default\">\n\t\t\t\t<div class=\"elementor-widget-container\">\n\t\t\t\t\t<div class=\"elementor-image\">\n\t\t\t\t\t\t\t\t\t\t<img width=\"1024\" height=\"768\" src=\"https:\/\/www.cgdressage.fr\/wp-content\/uploads\/2024\/07\/PHOTO-2024-07-01-14-20-08-1-1024x768.jpg\" class=\"attachment-large size-large\" alt=\"\" loading=\"lazy\" srcset=\"https:\/\/www.cgdressage.fr\/wp-content\/uploads\/2024\/07\/PHOTO-2024-07-01-14-20-08-1-1024x768.jpg 1024w, https:\/\/www.cgdressage.fr\/wp-content\/uploads\/2024\/07\/PHOTO-2024-07-01-14-20-08-1-300x225.jpg 300w, https:\/\/www.cgdressage.fr\/wp-content\/uploads\/2024\/07\/PHOTO-2024-07-01-14-20-08-1-768x576.jpg 768w, https:\/\/www.cgdressage.fr\/wp-content\/uploads\/2024\/07\/PHOTO-2024-07-01-14-20-08-1.jpg 1440w\" sizes=\"(max-width: 1024px) 100vw, 1024px\" \/>\t\t\t\t\t\t\t\t\t\t\t<\/div>\n\t\t\t\t<\/div>\n\t\t\t\t<\/div>\n\t\t\t\t\t\t<\/div>\n\t\t\t\t\t<\/div>\n\t\t<\/div>\n\t\t\t\t\t\t\t\t<\/div>\n\t\t\t\t\t<\/div>\n\t\t<\/section>\n\t\t\t\t\t\t<\/div>\n\t\t\t\t\t\t<\/div>\n\t\t\t\t\t<\/div>\n\t\t","protected":false},"excerpt":{"rendered":"<p>D\u00e9couvrez nos installations&nbsp; Plongez dans l&rsquo;univers de notre charmante \u00e9curie de dressage, o\u00f9 le bien-\u00eatre des chevaux est notre priorit\u00e9 absolue.\u00a0 Des installations de qualit\u00e9, spacieuses, confortables, con\u00e7ues pour offrir s\u00e9r\u00e9nit\u00e9 et progression aux \u00e9quid\u00e9s ainsi qu&rsquo;aux cavaliers. L&rsquo;\u00e9curie se compose de 15 box spacieux, un man\u00e8ge de 40&#215;20 m, une carri\u00e8re olympique de 60&#215;20<\/p>\n<div><a class=\"btn-filled btn\" href=\"https:\/\/www.cgdressage.fr\/index.php\/les-installations\/\" title=\"INSTALLATIONS\">Lire la suite<\/a><\/div>\n","protected":false},"author":1,"featured_media":0,"parent":0,"menu_order":0,"comment_status":"closed","ping_status":"closed","template":"page-templates\/no-sidebar.php","meta":[],"_links":{"self":[{"href":"https:\/\/www.cgdressage.fr\/index.php\/wp-json\/wp\/v2\/pages\/29"}],"collection":[{"href":"https:\/\/www.cgdressage.fr\/index.php\/wp-json\/wp\/v2\/pages"}],"about":[{"href":"https:\/\/www.cgdressage.fr\/index.php\/wp-json\/wp\/v2\/types\/page"}],"author":[{"embeddable":true,"href":"https:\/\/www.cgdressage.fr\/index.php\/wp-json\/wp\/v2\/users\/1"}],"replies":[{"embeddable":true,"href":"https:\/\/www.cgdressage.fr\/index.php\/wp-json\/wp\/v2\/comments?post=29"}],"version-history":[{"count":69,"href":"https:\/\/www.cgdressage.fr\/index.php\/wp-json\/wp\/v2\/pages\/29\/revisions"}],"predecessor-version":[{"id":1217,"href":"https:\/\/www.cgdressage.fr\/index.php\/wp-json\/wp\/v2\/pages\/29\/revisions\/1217"}],"wp:attachment":[{"href":"https:\/\/www.cgdressage.fr\/index.php\/wp-json\/wp\/v2\/media?parent=29"}],"curies":[{"name":"wp","href":"https:\/\/api.w.org\/{rel}","templated":true}]}}